{"id":1748,"date":"2023-07-17T18:15:15","date_gmt":"2023-07-17T16:15:15","guid":{"rendered":"https:\/\/mariaroja.com\/bio-artista\/"},"modified":"2025-09-20T02:17:56","modified_gmt":"2025-09-20T00:17:56","slug":"bio-artista","status":"publish","type":"page","link":"https:\/\/mariaroja.com\/gl\/artista\/bio-artista\/","title":{"rendered":"bio"},"content":{"rendered":"\n<style type=\"text\/css\" data-created_by=\"avia_inline_auto\" id=\"style-css-av-llmbibka-a7ca88138267c4df50033415110ae6bd\">\n.avia-image-container.av-llmbibka-a7ca88138267c4df50033415110ae6bd img.avia_image{\nbox-shadow:none;\n}\n.avia-image-container.av-llmbibka-a7ca88138267c4df50033415110ae6bd .av-image-caption-overlay-center{\ncolor:#ffffff;\n}\n<\/style>\n<div  class='avia-image-container av-llmbibka-a7ca88138267c4df50033415110ae6bd av-styling- avia-align-center  avia-builder-el-0  el_before_av_image  avia-builder-el-first  av-small-hide av-mini-hide'   itemprop=\"image\" itemscope=\"itemscope\" itemtype=\"https:\/\/schema.org\/ImageObject\" ><div class=\"avia-image-container-inner\"><div class=\"avia-image-overlay-wrap\"><img decoding=\"async\" fetchpriority=\"high\" class='wp-image-12264 avia-img-lazy-loading-not-12264 avia_image ' src=\"https:\/\/mariaroja.com\/wp-content\/uploads\/2024\/07\/FOTO-BIO-2.png\" alt='' title='FOTO-BIO-2'  height=\"599\" width=\"1900\"  itemprop=\"thumbnailUrl\" srcset=\"https:\/\/mariaroja.com\/wp-content\/uploads\/2024\/07\/FOTO-BIO-2.png 1900w, https:\/\/mariaroja.com\/wp-content\/uploads\/2024\/07\/FOTO-BIO-2-300x95.png 300w, https:\/\/mariaroja.com\/wp-content\/uploads\/2024\/07\/FOTO-BIO-2-1030x325.png 1030w, https:\/\/mariaroja.com\/wp-content\/uploads\/2024\/07\/FOTO-BIO-2-768x242.png 768w, https:\/\/mariaroja.com\/wp-content\/uploads\/2024\/07\/FOTO-BIO-2-1536x484.png 1536w, https:\/\/mariaroja.com\/wp-content\/uploads\/2024\/07\/FOTO-BIO-2-1500x473.png 1500w, https:\/\/mariaroja.com\/wp-content\/uploads\/2024\/07\/FOTO-BIO-2-705x222.png 705w\" sizes=\"(max-width: 1900px) 100vw, 1900px\" \/><\/div><\/div><\/div>\n\n<style type=\"text\/css\" data-created_by=\"avia_inline_auto\" id=\"style-css-av-llmillhh-c95e9a54f2cd394d8027cb56e64dbc54\">\n.avia-image-container.av-llmillhh-c95e9a54f2cd394d8027cb56e64dbc54 img.avia_image{\nbox-shadow:none;\n}\n.avia-image-container.av-llmillhh-c95e9a54f2cd394d8027cb56e64dbc54 .av-image-caption-overlay-center{\ncolor:#ffffff;\n}\n<\/style>\n<div  class='avia-image-container av-llmillhh-c95e9a54f2cd394d8027cb56e64dbc54 av-styling- avia-align-center  avia-builder-el-1  el_after_av_image  el_before_av_hr  av-desktop-hide av-medium-hide'   itemprop=\"image\" itemscope=\"itemscope\" itemtype=\"https:\/\/schema.org\/ImageObject\" ><div class=\"avia-image-container-inner\"><div class=\"avia-image-overlay-wrap\"><img decoding=\"async\" fetchpriority=\"high\" class='wp-image-12267 avia-img-lazy-loading-not-12267 avia_image ' src=\"https:\/\/mariaroja.com\/wp-content\/uploads\/2024\/07\/FOTO-BIO-mobile-2.jpg\" alt='' title='FOTO-BIO-mobile-2'  height=\"599\" width=\"593\"  itemprop=\"thumbnailUrl\" srcset=\"https:\/\/mariaroja.com\/wp-content\/uploads\/2024\/07\/FOTO-BIO-mobile-2.jpg 593w, https:\/\/mariaroja.com\/wp-content\/uploads\/2024\/07\/FOTO-BIO-mobile-2-297x300.jpg 297w, https:\/\/mariaroja.com\/wp-content\/uploads\/2024\/07\/FOTO-BIO-mobile-2-80x80.jpg 80w, https:\/\/mariaroja.com\/wp-content\/uploads\/2024\/07\/FOTO-BIO-mobile-2-36x36.jpg 36w\" sizes=\"(max-width: 593px) 100vw, 593px\" \/><\/div><\/div><\/div>\n\n<style type=\"text\/css\" data-created_by=\"avia_inline_auto\" id=\"style-css-av-llmin106-81b1b8fbb120f61308947eb4f6390524\">\n#top .hr.hr-invisible.av-llmin106-81b1b8fbb120f61308947eb4f6390524{\nmargin-top:-50px;\nheight:1px;\n}\n<\/style>\n<div  class='hr av-llmin106-81b1b8fbb120f61308947eb4f6390524 hr-invisible  avia-builder-el-2  el_after_av_image  el_before_av_section  avia-builder-el-last  av-desktop-hide av-medium-hide'><span class='hr-inner '><span class=\"hr-inner-style\"><\/span><\/span><\/div>\n<\/div><\/div><\/div><!-- close content main div --><\/div><\/div><div id='av_section_1'  class='avia-section av-19oq2s-e68bc532b820c2a100d650db66b983df main_color avia-section-default avia-no-border-styling  avia-builder-el-3  el_after_av_hr  avia-builder-el-last  avia-bg-style-scroll container_wrap fullsize'  ><div class='container av-section-cont-open' ><div class='template-page content  av-content-full alpha units'><div class='post-entry post-entry-type-page post-entry-1748'><div class='entry-content-wrapper clearfix'>\n<div  class='flex_column av-e4tbw-2eedcd07738196128a20e589934084f7 av_one_fifth  avia-builder-el-4  el_before_av_three_fifth  avia-builder-el-first  first flex_column_div  '     ><\/div><div  class='flex_column av-yrs8s-9b91af34f0009e0f5b50a5acee1f3b0a av_three_fifth  avia-builder-el-5  el_after_av_one_fifth  el_before_av_one_fifth  flex_column_div  '     ><p>\n<style type=\"text\/css\" data-created_by=\"avia_inline_auto\" id=\"style-css-av-ofjs4-eea01081181cdc2a2578c9404a4f0cf5\">\n#top .av-special-heading.av-ofjs4-eea01081181cdc2a2578c9404a4f0cf5{\npadding-bottom:10px;\nfont-size:45px;\n}\nbody .av-special-heading.av-ofjs4-eea01081181cdc2a2578c9404a4f0cf5 .av-special-heading-tag .heading-char{\nfont-size:25px;\n}\n#top #wrap_all .av-special-heading.av-ofjs4-eea01081181cdc2a2578c9404a4f0cf5 .av-special-heading-tag{\nfont-size:45px;\n}\n.av-special-heading.av-ofjs4-eea01081181cdc2a2578c9404a4f0cf5 .av-subheading{\nfont-size:20px;\n}\n\n@media only screen and (min-width: 480px) and (max-width: 767px){ \n#top #wrap_all .av-special-heading.av-ofjs4-eea01081181cdc2a2578c9404a4f0cf5 .av-special-heading-tag{\nfont-size:0.8em;\n}\n}\n\n@media only screen and (max-width: 479px){ \n#top #wrap_all .av-special-heading.av-ofjs4-eea01081181cdc2a2578c9404a4f0cf5 .av-special-heading-tag{\nfont-size:0.8em;\n}\n}\n<\/style>\n<div  class='av-special-heading av-ofjs4-eea01081181cdc2a2578c9404a4f0cf5 av-special-heading-h3 blockquote modern-quote  avia-builder-el-6  el_before_av_textblock  avia-builder-el-first  av-inherit-size'><h3 class='av-special-heading-tag '  itemprop=\"headline\"  >mar\u00eda roja<br \/>\n<span class=\"titulo_bio\">artista visual e performer<\/span><\/h3><div class=\"special-heading-border\"><div class=\"special-heading-inner-border\"><\/div><\/div><\/div><br \/>\n\n<style type=\"text\/css\" data-created_by=\"avia_inline_auto\" id=\"style-css-av-llkkurdc-d3ca47f629bd698164f4a899a5254b99\">\n#top .av_textblock_section.av-llkkurdc-d3ca47f629bd698164f4a899a5254b99 .avia_textblock{\nfont-size:16px;\n}\n<\/style>\n<section  class='av_textblock_section av-llkkurdc-d3ca47f629bd698164f4a899a5254b99 '   itemscope=\"itemscope\" itemtype=\"https:\/\/schema.org\/CreativeWork\" ><div class='avia_textblock'  itemprop=\"text\" ><p>Licenciada en Belas Artes, M\u00e1ster en Artes Esc\u00e9nicas e Titulada Superior en Arte Dram\u00e1tica, gusta de petiscar as artes pl\u00e1stico-visuais, a performance, a creaci\u00f3n esc\u00e9nica e a danza.<br \/>\nAs s\u00faas inquedanzas art\u00edsticas xiran arredor do corpo como contedor do \u00edntimo \u00e1 vez que arquitectura social e pol\u00edtica, cun marcado interese nos seus procesos de apropiaci\u00f3n, incorporaci\u00f3n e transmisi\u00f3n do co\u00f1ecemento inmaterial, as\u00ed como na s\u00faa potencia como elemento subversivo e de resistencia.<br \/>\nExhibiu o seu traballo en diferentes exposici\u00f3ns e festivais organizados en galer\u00edas, museos, teatros e espazos alternativos nacionais e internacionais. Co-fundadora dos colectivos de arte de acci\u00f3n \u00e1Intemperie, Ohn e Blanco&amp;Roja, na actualidade forma parte do proxecto de experimentaci\u00f3n multidisciplinar Corpo Colectivo Transfronteirizo L\u00edmites e do colectivo de poes\u00eda esc\u00e9nica Cintaadhesiva.<br \/>\nRostro habitual das t\u00e1boas e a ficci\u00f3n televisiva galegas, no campo da interpretaci\u00f3n \u00e9 salientable o seu labor en compa\u00f1\u00edas de artes esc\u00e9nicas de linguaxe posdram\u00e1tica as\u00ed como a s\u00faa participaci\u00f3n en produci\u00f3ns audiovisuais de feitura experimental. Foi galardoada con tres premios Mar\u00eda Casares \u00e1 Mellor Actriz.<br \/>\nActualmente compaxina o labor investigador no programa de doutoramento en Creaci\u00f3n e Investigaci\u00f3n en Arte Contempor\u00e1nea da Uvigo co traballo creativo nos eidos das artes visuais e esc\u00e9nicas.<\/p>\n<\/div><\/section><br \/>\n\n<style type=\"text\/css\" data-created_by=\"avia_inline_auto\" id=\"style-css-av-ln8wfh83-29506f3e6dc38fc2b1359782fcedb38e\">\n#top .hr.hr-invisible.av-ln8wfh83-29506f3e6dc38fc2b1359782fcedb38e{\nheight:1px;\n}\n<\/style>\n<div  class='hr av-ln8wfh83-29506f3e6dc38fc2b1359782fcedb38e hr-invisible  avia-builder-el-8  el_after_av_textblock  el_before_av_textblock '><span class='hr-inner '><span class=\"hr-inner-style\"><\/span><\/span><\/div><br \/>\n\n<style type=\"text\/css\" data-created_by=\"avia_inline_auto\" id=\"style-css-av-ln8kh7pj-69d78cb0746903a3abb202ab029a92ca\">\n#top .av_textblock_section.av-ln8kh7pj-69d78cb0746903a3abb202ab029a92ca .avia_textblock{\nfont-size:16px;\ntext-align:left;\n}\n<\/style>\n<section  class='av_textblock_section av-ln8kh7pj-69d78cb0746903a3abb202ab029a92ca '   itemscope=\"itemscope\" itemtype=\"https:\/\/schema.org\/CreativeWork\" ><div class='av-small-hide av-mini-hide avia_textblock'  itemprop=\"text\" ><p><a href=\"https:\/\/mariaroja.com\/gl\/artista\/bio-artista\/bio-artista-completa\/\" rel=\"noopener\">ler bio completa<\/a> <a href=\"https:\/\/mariaroja.com\/descargas\/CV_mariaroja_gl_artista.pdf\" rel=\"noopener\">descargar cv<\/a><\/p>\n<\/div><\/section><br \/>\n\n<style type=\"text\/css\" data-created_by=\"avia_inline_auto\" id=\"style-css-av-ln8khcz1-df269db882c1b1133ed01ceb007151b0\">\n#top .av_textblock_section.av-ln8khcz1-df269db882c1b1133ed01ceb007151b0 .avia_textblock{\nfont-size:16px;\ntext-align:center;\n}\n<\/style>\n<section  class='av_textblock_section av-ln8khcz1-df269db882c1b1133ed01ceb007151b0 '   itemscope=\"itemscope\" itemtype=\"https:\/\/schema.org\/CreativeWork\" ><div class='av-desktop-hide av-medium-hide avia_textblock'  itemprop=\"text\" ><p><a href=\"https:\/\/mariaroja.com\/gl\/artista\/bio-artista\/bio-artista-completa\/\" rel=\"noopener\">ler bio completa<\/a> <a href=\"https:\/\/mariaroja.com\/descargas\/CV_mariaroja_gl_artista.pdf\" rel=\"noopener\">descargar cv<\/a><\/p>\n<\/div><\/section><\/p><\/div><div  class='flex_column av-6zvbw-436d2acf7baf3c2d6d872bb3ad9d4eda av_one_fifth  avia-builder-el-11  el_after_av_three_fifth  avia-builder-el-last  flex_column_div  '     ><\/div>\n","protected":false},"excerpt":{"rendered":"","protected":false},"author":1,"featured_media":0,"parent":9389,"menu_order":0,"comment_status":"closed","ping_status":"closed","template":"","meta":{"footnotes":""},"class_list":["post-1748","page","type-page","status-publish","hentry"],"_links":{"self":[{"href":"https:\/\/mariaroja.com\/gl\/wp-json\/wp\/v2\/pages\/1748","targetHints":{"allow":["GET"]}}],"collection":[{"href":"https:\/\/mariaroja.com\/gl\/wp-json\/wp\/v2\/pages"}],"about":[{"href":"https:\/\/mariaroja.com\/gl\/wp-json\/wp\/v2\/types\/page"}],"author":[{"embeddable":true,"href":"https:\/\/mariaroja.com\/gl\/wp-json\/wp\/v2\/users\/1"}],"replies":[{"embeddable":true,"href":"https:\/\/mariaroja.com\/gl\/wp-json\/wp\/v2\/comments?post=1748"}],"version-history":[{"count":38,"href":"https:\/\/mariaroja.com\/gl\/wp-json\/wp\/v2\/pages\/1748\/revisions"}],"predecessor-version":[{"id":13636,"href":"https:\/\/mariaroja.com\/gl\/wp-json\/wp\/v2\/pages\/1748\/revisions\/13636"}],"up":[{"embeddable":true,"href":"https:\/\/mariaroja.com\/gl\/wp-json\/wp\/v2\/pages\/9389"}],"wp:attachment":[{"href":"https:\/\/mariaroja.com\/gl\/wp-json\/wp\/v2\/media?parent=1748"}],"curies":[{"name":"wp","href":"https:\/\/api.w.org\/{rel}","templated":true}]}}