{"id":9394,"date":"2023-08-08T11:30:38","date_gmt":"2023-08-08T09:30:38","guid":{"rendered":"https:\/\/mariaroja.com\/artista\/colectivos\/ohn\/"},"modified":"2024-05-06T21:16:50","modified_gmt":"2024-05-06T19:16:50","slug":"ohn","status":"publish","type":"page","link":"https:\/\/mariaroja.com\/gl\/artista\/colectivos\/ohn\/","title":{"rendered":"Ohn"},"content":{"rendered":"<div id='av_section_1'  class='avia-section av-71r0id-19f45eb4e488c582d2312784e132a863 main_color avia-section-default avia-no-border-styling  avia-builder-el-0  el_before_av_section  avia-builder-el-first  avia-bg-style-scroll container_wrap fullsize'  ><div class='container av-section-cont-open' ><main  role=\"main\" itemprop=\"mainContentOfPage\"  class='template-page content  av-content-full alpha units'><div class='post-entry post-entry-type-page post-entry-9394'><div class='entry-content-wrapper clearfix'>\n<div  class='flex_column av-k5dlh-3e31ce54a951df177fd42eaf6c98e828 av_one_fifth  avia-builder-el-1  el_before_av_three_fifth  avia-builder-el-first  first flex_column_div  '     ><\/div><div  class='flex_column av-4vu8ad-f556b2f767bc55be464761bb0afd10b9 av_three_fifth  avia-builder-el-2  el_after_av_one_fifth  el_before_av_one_fifth  flex_column_div  '     ><p>\n<style type=\"text\/css\" data-created_by=\"avia_inline_auto\" id=\"style-css-av-ll23l6le-c497efc014e1645ec324b0eb99785201\">\n#top .av-special-heading.av-ll23l6le-c497efc014e1645ec324b0eb99785201{\npadding-bottom:10px;\nfont-size:60px;\n}\nbody .av-special-heading.av-ll23l6le-c497efc014e1645ec324b0eb99785201 .av-special-heading-tag .heading-char{\nfont-size:25px;\n}\n#top #wrap_all .av-special-heading.av-ll23l6le-c497efc014e1645ec324b0eb99785201 .av-special-heading-tag{\nfont-size:60px;\n}\n.av-special-heading.av-ll23l6le-c497efc014e1645ec324b0eb99785201 .av-subheading{\nfont-size:15px;\n}\n\n@media only screen and (min-width: 480px) and (max-width: 767px){ \n#top #wrap_all .av-special-heading.av-ll23l6le-c497efc014e1645ec324b0eb99785201 .av-special-heading-tag{\nfont-size:0.8em;\n}\n}\n\n@media only screen and (max-width: 479px){ \n#top #wrap_all .av-special-heading.av-ll23l6le-c497efc014e1645ec324b0eb99785201 .av-special-heading-tag{\nfont-size:0.8em;\n}\n}\n<\/style>\n<div  class='av-special-heading av-ll23l6le-c497efc014e1645ec324b0eb99785201 av-special-heading-h3 blockquote modern-quote  avia-builder-el-3  el_before_av_textblock  avia-builder-el-first  av-inherit-size'><h3 class='av-special-heading-tag '  itemprop=\"headline\"  >Ohn<\/h3><div class=\"special-heading-border\"><div class=\"special-heading-inner-border\"><\/div><\/div><\/div><br \/>\n\n<style type=\"text\/css\" data-created_by=\"avia_inline_auto\" id=\"style-css-av-ll23ledq-7dccbba35813095b412f4987ed4ea644\">\n#top .av_textblock_section.av-ll23ledq-7dccbba35813095b412f4987ed4ea644 .avia_textblock{\nfont-size:16px;\n}\n<\/style>\n<section  class='av_textblock_section av-ll23ledq-7dccbba35813095b412f4987ed4ea644 '   itemscope=\"itemscope\" itemtype=\"https:\/\/schema.org\/CreativeWork\" ><div class='avia_textblock'  itemprop=\"text\" ><p><span style=\"font-weight: 400;\">\/fato bic\u00e9falo performativo\/<\/span><\/p>\n<p><span style=\"font-weight: 400;\">Mar\u00eda Roja &amp; Berio Molina<\/span><\/p>\n<\/div><\/section><br \/>\n<div  class=\"avia-animated-number av-ll23mosb-9156f8c5d7ccb0b40ed6bf56da65c4ed av-force-default-color avia_animate_when_visible  avia-builder-el-5  el_after_av_textblock  avia-builder-el-last  numberbio \" data-timer=\"3000\"><strong class=\"heading avia-animated-number-title\"><span class=\"avia-single-number __av-single-number\" data-number_format=\"\" data-number=\"2011\" data-start_from=\"2002\">2011<\/span><span class=\"avia-no-number\"> - <\/span><span class=\"avia-single-number __av-single-number\" data-number_format=\"\" data-number=\"2016\" data-start_from=\"2002\">2016<\/span><\/strong><div class=\"avia-animated-number-content\"><\/div><\/div><\/p><\/div><div  class='flex_column av-1y4i45-34a0521482b218b786e9b4e84a52aaee av_one_fifth  avia-builder-el-6  el_after_av_three_fifth  avia-builder-el-last  flex_column_div  '     ><\/div><\/div><\/div><\/main><!-- close content main element --><\/div><\/div><div id='av_section_2'  class='avia-section av-2f2xf9-c98fa10d09afb104c5f0fefc87915073 main_color avia-section-default avia-no-border-styling  avia-builder-el-7  el_after_av_section  avia-builder-el-last  avia-bg-style-scroll container_wrap fullsize'  ><div class='container av-section-cont-open' ><div class='template-page content  av-content-full alpha units'><div class='post-entry post-entry-type-page post-entry-9394'><div class='entry-content-wrapper clearfix'>\n<div id='av-masonry-1' class='av-masonry av-ll23rky6-c6fcce832878d25f155b42e4aef5a4c1 noHover av-flex-size av-large-gap av-hover-overlay-active av-masonry-animation-active av-masonry-col-flexible av-caption-on-hover av-caption-style-overlay av-masonry-entries ' data-post_id=\"9394\"><div class=\"av-masonry-container isotope av-js-disabled\"><div class='av-masonry-entry isotope-item av-masonry-item-no-image '><\/div><a href=\"https:\/\/mariaroja.com\/gl\/portfolio-item\/po-e-po-e-po-thefarm\/\"  id='av-masonry-1-item-8127' data-av-masonry-item='8127' class='av-masonry-entry isotope-item post-8127 portfolio type-portfolio status-publish has-post-thumbnail hentry portfolio_entries-obra-gl portfolio_entries-ohn-gl  av-masonry-item-with-image' title=\"7f31a25c1f9f453faba8b22b4e4026fa\"   itemscope=\"itemscope\" itemtype=\"https:\/\/schema.org\/CreativeWork\" ><div class='av-inner-masonry-sizer'><\/div><figure class='av-inner-masonry main_color'><div class=\"av-masonry-outerimage-container\"><div class='av-masonry-image-container'  ><img decoding=\"async\" width=\"780\" height=\"1170\" fetchpriority=\"high\" class=\"wp-image-3018 avia-img-lazy-loading-not-3018\"  src=\"https:\/\/mariaroja.com\/wp-content\/uploads\/2023\/07\/7f31a25c1f9f453faba8b22b4e4026fa.jpg\" title=\"7f31a25c1f9f453faba8b22b4e4026fa\" alt=\"\" srcset=\"https:\/\/mariaroja.com\/wp-content\/uploads\/2023\/07\/7f31a25c1f9f453faba8b22b4e4026fa.jpg 780w, https:\/\/mariaroja.com\/wp-content\/uploads\/2023\/07\/7f31a25c1f9f453faba8b22b4e4026fa-200x300.jpg 200w, https:\/\/mariaroja.com\/wp-content\/uploads\/2023\/07\/7f31a25c1f9f453faba8b22b4e4026fa-687x1030.jpg 687w, https:\/\/mariaroja.com\/wp-content\/uploads\/2023\/07\/7f31a25c1f9f453faba8b22b4e4026fa-768x1152.jpg 768w, https:\/\/mariaroja.com\/wp-content\/uploads\/2023\/07\/7f31a25c1f9f453faba8b22b4e4026fa-470x705.jpg 470w\" sizes=\"(max-width: 780px) 100vw, 780px\" \/><\/div><\/div><figcaption class='av-inner-masonry-content site-background'><div class='av-inner-masonry-content-pos'><div class='av-inner-masonry-content-pos-content'><div class='avia-arrow'><\/div><h3 class='av-masonry-entry-title entry-title '  itemprop=\"headline\" >P\u00f3 \u00e9 p\u00f3 \u00e9 p\u00f3 #TheFarm<\/h3><\/div><\/div><\/figcaption><\/figure><\/a><!--end av-masonry entry--><a href=\"https:\/\/mariaroja.com\/gl\/portfolio-item\/microasterismos\/\"  id='av-masonry-1-item-8139' data-av-masonry-item='8139' class='av-masonry-entry isotope-item post-8139 portfolio type-portfolio status-publish has-post-thumbnail hentry portfolio_entries-obra-gl portfolio_entries-ohn-gl  av-masonry-item-with-image' title=\"a80e5d0c443b83983c57ec725e45b41f\"   itemscope=\"itemscope\" itemtype=\"https:\/\/schema.org\/CreativeWork\" ><div class='av-inner-masonry-sizer'><\/div><figure class='av-inner-masonry main_color'><div class=\"av-masonry-outerimage-container\"><div class='av-masonry-image-container'  ><img decoding=\"async\" width=\"780\" height=\"501\" fetchpriority=\"high\" class=\"wp-image-3052 avia-img-lazy-loading-not-3052\"  src=\"https:\/\/mariaroja.com\/wp-content\/uploads\/2023\/07\/a80e5d0c443b83983c57ec725e45b41f.jpg\" title=\"a80e5d0c443b83983c57ec725e45b41f\" alt=\"\" srcset=\"https:\/\/mariaroja.com\/wp-content\/uploads\/2023\/07\/a80e5d0c443b83983c57ec725e45b41f.jpg 780w, https:\/\/mariaroja.com\/wp-content\/uploads\/2023\/07\/a80e5d0c443b83983c57ec725e45b41f-300x193.jpg 300w, https:\/\/mariaroja.com\/wp-content\/uploads\/2023\/07\/a80e5d0c443b83983c57ec725e45b41f-768x493.jpg 768w, https:\/\/mariaroja.com\/wp-content\/uploads\/2023\/07\/a80e5d0c443b83983c57ec725e45b41f-705x453.jpg 705w\" sizes=\"(max-width: 780px) 100vw, 780px\" \/><\/div><\/div><figcaption class='av-inner-masonry-content site-background'><div class='av-inner-masonry-content-pos'><div class='av-inner-masonry-content-pos-content'><div class='avia-arrow'><\/div><h3 class='av-masonry-entry-title entry-title '  itemprop=\"headline\" >Microasterismos<\/h3><\/div><\/div><\/figcaption><\/figure><\/a><!--end av-masonry entry--><a href=\"https:\/\/mariaroja.com\/gl\/portfolio-item\/minuison\/\"  id='av-masonry-1-item-8172' data-av-masonry-item='8172' class='av-masonry-entry isotope-item post-8172 portfolio type-portfolio status-publish has-post-thumbnail hentry portfolio_entries-obra-gl portfolio_entries-ohn-gl  av-masonry-item-with-image' title=\"minuison\"   itemscope=\"itemscope\" itemtype=\"https:\/\/schema.org\/CreativeWork\" ><div class='av-inner-masonry-sizer'><\/div><figure class='av-inner-masonry main_color'><div class=\"av-masonry-outerimage-container\"><div class='av-masonry-image-container'  ><img decoding=\"async\" width=\"780\" height=\"520\" fetchpriority=\"high\" class=\"wp-image-6770 avia-img-lazy-loading-not-6770\"  src=\"https:\/\/mariaroja.com\/wp-content\/uploads\/2023\/10\/minuison.jpg\" title=\"minuison\" alt=\"\" srcset=\"https:\/\/mariaroja.com\/wp-content\/uploads\/2023\/10\/minuison.jpg 780w, https:\/\/mariaroja.com\/wp-content\/uploads\/2023\/10\/minuison-300x200.jpg 300w, https:\/\/mariaroja.com\/wp-content\/uploads\/2023\/10\/minuison-768x512.jpg 768w, https:\/\/mariaroja.com\/wp-content\/uploads\/2023\/10\/minuison-705x470.jpg 705w\" sizes=\"(max-width: 780px) 100vw, 780px\" \/><\/div><\/div><figcaption class='av-inner-masonry-content site-background'><div class='av-inner-masonry-content-pos'><div class='av-inner-masonry-content-pos-content'><div class='avia-arrow'><\/div><h3 class='av-masonry-entry-title entry-title '  itemprop=\"headline\" >Minuison<\/h3><\/div><\/div><\/figcaption><\/figure><\/a><!--end av-masonry entry--><a href=\"https:\/\/mariaroja.com\/gl\/portfolio-item\/po-e-po-e-po-extramuros\/\"  id='av-masonry-1-item-8178' data-av-masonry-item='8178' class='av-masonry-entry isotope-item post-8178 portfolio type-portfolio status-publish has-post-thumbnail hentry portfolio_entries-obra-gl portfolio_entries-ohn-gl  av-masonry-item-with-image' title=\"polvo_es_polvo_#extramuros\"   itemscope=\"itemscope\" itemtype=\"https:\/\/schema.org\/CreativeWork\" ><div class='av-inner-masonry-sizer'><\/div><figure class='av-inner-masonry main_color'><div class=\"av-masonry-outerimage-container\"><div class='av-masonry-image-container'  ><img decoding=\"async\" width=\"800\" height=\"449\" fetchpriority=\"high\" class=\"wp-image-7348 avia-img-lazy-loading-not-7348\"  src=\"https:\/\/mariaroja.com\/wp-content\/uploads\/2023\/10\/polvo_es_polvo_extramuros.jpg\" title=\"polvo_es_polvo_#extramuros\" alt=\"\" srcset=\"https:\/\/mariaroja.com\/wp-content\/uploads\/2023\/10\/polvo_es_polvo_extramuros.jpg 800w, https:\/\/mariaroja.com\/wp-content\/uploads\/2023\/10\/polvo_es_polvo_extramuros-300x168.jpg 300w, https:\/\/mariaroja.com\/wp-content\/uploads\/2023\/10\/polvo_es_polvo_extramuros-768x431.jpg 768w, https:\/\/mariaroja.com\/wp-content\/uploads\/2023\/10\/polvo_es_polvo_extramuros-705x396.jpg 705w\" sizes=\"(max-width: 800px) 100vw, 800px\" \/><\/div><\/div><figcaption class='av-inner-masonry-content site-background'><div class='av-inner-masonry-content-pos'><div class='av-inner-masonry-content-pos-content'><div class='avia-arrow'><\/div><h3 class='av-masonry-entry-title entry-title '  itemprop=\"headline\" >P\u00f3 \u00e9 p\u00f3 \u00e9 p\u00f3 #Extramuros<\/h3><\/div><\/div><\/figcaption><\/figure><\/a><!--end av-masonry entry--><a href=\"https:\/\/mariaroja.com\/gl\/portfolio-item\/po-e-po-e-po\/\"  id='av-masonry-1-item-8182' data-av-masonry-item='8182' class='av-masonry-entry isotope-item post-8182 portfolio type-portfolio status-publish has-post-thumbnail hentry portfolio_entries-obra-gl portfolio_entries-ohn-gl  av-masonry-item-with-image' title=\"Polvo_es_polvo_es_polvo\"   itemscope=\"itemscope\" itemtype=\"https:\/\/schema.org\/CreativeWork\" ><div class='av-inner-masonry-sizer'><\/div><figure class='av-inner-masonry main_color'><div class=\"av-masonry-outerimage-container\"><div class='av-masonry-image-container'  ><img decoding=\"async\" width=\"780\" height=\"520\" fetchpriority=\"high\" class=\"wp-image-6779 avia-img-lazy-loading-not-6779\"  src=\"https:\/\/mariaroja.com\/wp-content\/uploads\/2023\/10\/Polvo_es_polvo_es_polvo.jpg\" title=\"Polvo_es_polvo_es_polvo\" alt=\"\" srcset=\"https:\/\/mariaroja.com\/wp-content\/uploads\/2023\/10\/Polvo_es_polvo_es_polvo.jpg 780w, https:\/\/mariaroja.com\/wp-content\/uploads\/2023\/10\/Polvo_es_polvo_es_polvo-300x200.jpg 300w, https:\/\/mariaroja.com\/wp-content\/uploads\/2023\/10\/Polvo_es_polvo_es_polvo-768x512.jpg 768w, https:\/\/mariaroja.com\/wp-content\/uploads\/2023\/10\/Polvo_es_polvo_es_polvo-705x470.jpg 705w\" sizes=\"(max-width: 780px) 100vw, 780px\" \/><\/div><\/div><figcaption class='av-inner-masonry-content site-background'><div class='av-inner-masonry-content-pos'><div class='av-inner-masonry-content-pos-content'><div class='avia-arrow'><\/div><h3 class='av-masonry-entry-title entry-title '  itemprop=\"headline\" >P\u00f3 \u00e9 p\u00f3 \u00e9 p\u00f3<\/h3><\/div><\/div><\/figcaption><\/figure><\/a><!--end av-masonry entry--><a href=\"https:\/\/mariaroja.com\/gl\/portfolio-item\/devuison\/\"  id='av-masonry-1-item-8201' data-av-masonry-item='8201' class='av-masonry-entry isotope-item post-8201 portfolio type-portfolio status-publish has-post-thumbnail hentry portfolio_entries-obra-gl portfolio_entries-ohn-gl  av-masonry-item-with-image' title=\"devuison\"   itemscope=\"itemscope\" itemtype=\"https:\/\/schema.org\/CreativeWork\" ><div class='av-inner-masonry-sizer'><\/div><figure class='av-inner-masonry main_color'><div class=\"av-masonry-outerimage-container\"><div class='av-masonry-image-container'  ><img decoding=\"async\" width=\"598\" height=\"612\" fetchpriority=\"high\" class=\"wp-image-6864 avia-img-lazy-loading-not-6864\"  src=\"https:\/\/mariaroja.com\/wp-content\/uploads\/2023\/10\/devuison.jpg\" title=\"devuison\" alt=\"\" srcset=\"https:\/\/mariaroja.com\/wp-content\/uploads\/2023\/10\/devuison.jpg 598w, https:\/\/mariaroja.com\/wp-content\/uploads\/2023\/10\/devuison-293x300.jpg 293w, https:\/\/mariaroja.com\/wp-content\/uploads\/2023\/10\/devuison-36x36.jpg 36w\" sizes=\"(max-width: 598px) 100vw, 598px\" \/><\/div><\/div><figcaption class='av-inner-masonry-content site-background'><div class='av-inner-masonry-content-pos'><div class='av-inner-masonry-content-pos-content'><div class='avia-arrow'><\/div><h3 class='av-masonry-entry-title entry-title '  itemprop=\"headline\" >Devuison<\/h3><\/div><\/div><\/figcaption><\/figure><\/a><!--end av-masonry entry--><\/div><\/div>\n<\/p>\n","protected":false},"excerpt":{"rendered":"","protected":false},"author":1,"featured_media":0,"parent":1752,"menu_order":0,"comment_status":"closed","ping_status":"closed","template":"","meta":{"footnotes":""},"class_list":["post-9394","page","type-page","status-publish","hentry"],"_links":{"self":[{"href":"https:\/\/mariaroja.com\/gl\/wp-json\/wp\/v2\/pages\/9394","targetHints":{"allow":["GET"]}}],"collection":[{"href":"https:\/\/mariaroja.com\/gl\/wp-json\/wp\/v2\/pages"}],"about":[{"href":"https:\/\/mariaroja.com\/gl\/wp-json\/wp\/v2\/types\/page"}],"author":[{"embeddable":true,"href":"https:\/\/mariaroja.com\/gl\/wp-json\/wp\/v2\/users\/1"}],"replies":[{"embeddable":true,"href":"https:\/\/mariaroja.com\/gl\/wp-json\/wp\/v2\/comments?post=9394"}],"version-history":[{"count":3,"href":"https:\/\/mariaroja.com\/gl\/wp-json\/wp\/v2\/pages\/9394\/revisions"}],"predecessor-version":[{"id":10517,"href":"https:\/\/mariaroja.com\/gl\/wp-json\/wp\/v2\/pages\/9394\/revisions\/10517"}],"up":[{"embeddable":true,"href":"https:\/\/mariaroja.com\/gl\/wp-json\/wp\/v2\/pages\/1752"}],"wp:attachment":[{"href":"https:\/\/mariaroja.com\/gl\/wp-json\/wp\/v2\/media?parent=9394"}],"curies":[{"name":"wp","href":"https:\/\/api.w.org\/{rel}","templated":true}]}}